{"id":13,"date":"2024-09-27T10:35:11","date_gmt":"2024-09-27T10:35:11","guid":{"rendered":"https:\/\/konferencje-szklarska-poreba.pl\/?page_id=13"},"modified":"2024-09-27T11:49:32","modified_gmt":"2024-09-27T11:49:32","slug":"konferencje-szklarska-poreba","status":"publish","type":"page","link":"https:\/\/konferencje-szklarska-poreba.pl\/","title":{"rendered":"Konferencje Szklarska Por\u0119ba"},"content":{"rendered":"\n<div class=\"wp-block-cover alignfull is-light hestia-clear-top-padding\"><span aria-hidden=\"true\" class=\"wp-block-cover__background has-white-background-color has-background-dim-100 has-background-dim\"><\/span><div class=\"wp-block-cover__inner-container is-layout-flow wp-block-cover-is-layout-flow\">\n<h2 class=\"wp-block-heading has-text-align-center has-text-color\" style=\"color:#3c4858\">Konferencje Szklarska Por\u0119ba &#8211; gdzie zorganizowa\u0107 wydarzenie?<\/h2>\n\n\n\n<p>Planowanie konferencji to nie tylko wyb\u00f3r miejsca, to kreowanie przestrzeni, gdzie pomys\u0142y p\u0142yn\u0105 jak rzeka pod g\u00f3rskim szczytem. W\u0142a\u015bnie w <strong>Szklarskiej Por\u0119bie<\/strong>, w sercu g\u00f3r, znajduje si\u0119 <strong>Bergo Resort &amp; Spa<\/strong> \u2013 oaza nowoczesno\u015bci przeznaczona dla tych, kt\u00f3rzy pragn\u0105 po\u0142\u0105czy\u0107 prac\u0119 z odrobin\u0105 wyj\u0105tkowo\u015bci. Czy jeste\u015bcie gotowi, aby przekszta\u0142ci\u0107 swoje spotkanie biznesowe w wyj\u0105tkowe wydarzenie?<\/p>\n\n\n\n<h2 class=\"wp-block-heading has-text-align-center has-black-color has-text-color has-link-color wp-elements-2406949ccb9781387e561e78e97162d5\">Konferencje Szklarska Por\u0119ba w hotelu Bergo &#8211; oferta<\/h2>\n\n\n\n<div style=\"height:40px\" aria-hidden=\"true\" class=\"wp-block-spacer\"><\/div>\n\n\n\n<div class=\"wp-block-columns container is-layout-flex wp-container-core-columns-is-layout-1 wp-block-columns-is-layout-flex\">\n<div class=\"wp-block-column is-layout-flow wp-block-column-is-layout-flow\"><div class=\"wp-block-image\">\n<figure class=\"aligncenter size-full\"><img loading=\"lazy\" decoding=\"async\" width=\"512\" height=\"512\" src=\"https:\/\/konferencje-szklarska-poreba.pl\/wp-content\/uploads\/2024\/09\/cropped-16769926805874_mercureszklarskaporebakonferencje02-1.jpg\" alt=\"konferencje szklarska por\u0119ba\" class=\"wp-image-25\" srcset=\"https:\/\/konferencje-szklarska-poreba.pl\/wp-content\/uploads\/2024\/09\/cropped-16769926805874_mercureszklarskaporebakonferencje02-1.jpg 512w, https:\/\/konferencje-szklarska-poreba.pl\/wp-content\/uploads\/2024\/09\/cropped-16769926805874_mercureszklarskaporebakonferencje02-1-300x300.jpg 300w, https:\/\/konferencje-szklarska-poreba.pl\/wp-content\/uploads\/2024\/09\/cropped-16769926805874_mercureszklarskaporebakonferencje02-1-150x150.jpg 150w, https:\/\/konferencje-szklarska-poreba.pl\/wp-content\/uploads\/2024\/09\/cropped-16769926805874_mercureszklarskaporebakonferencje02-1-270x270.jpg 270w, https:\/\/konferencje-szklarska-poreba.pl\/wp-content\/uploads\/2024\/09\/cropped-16769926805874_mercureszklarskaporebakonferencje02-1-192x192.jpg 192w, https:\/\/konferencje-szklarska-poreba.pl\/wp-content\/uploads\/2024\/09\/cropped-16769926805874_mercureszklarskaporebakonferencje02-1-180x180.jpg 180w, https:\/\/konferencje-szklarska-poreba.pl\/wp-content\/uploads\/2024\/09\/cropped-16769926805874_mercureszklarskaporebakonferencje02-1-32x32.jpg 32w\" sizes=\"(max-width: 512px) 100vw, 512px\" \/><\/figure><\/div>\n\n\n<h5 class=\"wp-block-heading has-text-align-center has-text-color\" style=\"color:#3c4858;font-size:18px\">400 m2 przestrzeni biznesowej z  mo\u017cliwo\u015bci\u0105 podzia\u0142u na 2 sale<\/h5>\n\n\n\n<div style=\"height:25px\" aria-hidden=\"true\" class=\"wp-block-spacer\"><\/div>\n<\/div>\n\n\n\n<div class=\"wp-block-column is-layout-flow wp-block-column-is-layout-flow\"><div class=\"wp-block-image\">\n<figure class=\"aligncenter size-large\"><img loading=\"lazy\" decoding=\"async\" width=\"1024\" height=\"683\" src=\"https:\/\/konferencje-szklarska-poreba.pl\/wp-content\/uploads\/2024\/09\/conference-3248255_1280-1024x683.jpg\" alt=\"\" class=\"wp-image-45\" srcset=\"https:\/\/konferencje-szklarska-poreba.pl\/wp-content\/uploads\/2024\/09\/conference-3248255_1280-1024x683.jpg 1024w, https:\/\/konferencje-szklarska-poreba.pl\/wp-content\/uploads\/2024\/09\/conference-3248255_1280-300x200.jpg 300w, https:\/\/konferencje-szklarska-poreba.pl\/wp-content\/uploads\/2024\/09\/conference-3248255_1280-768x512.jpg 768w, https:\/\/konferencje-szklarska-poreba.pl\/wp-content\/uploads\/2024\/09\/conference-3248255_1280-360x240.jpg 360w, https:\/\/konferencje-szklarska-poreba.pl\/wp-content\/uploads\/2024\/09\/conference-3248255_1280.jpg 1280w\" sizes=\"(max-width: 1024px) 100vw, 1024px\" \/><\/figure><\/div>\n\n\n<h5 class=\"wp-block-heading has-text-align-center has-text-color\" style=\"color:#3c4858;font-size:18px\">Mobilne \u015bciany i dost\u0119p do naturalnego \u015bwiat\u0142a z widokiem na natur\u0119<\/h5>\n\n\n\n<p class=\"has-text-align-center has-text-color\" style=\"color:#999999;font-size:14px\">.<\/p>\n\n\n\n<div style=\"height:0px\" aria-hidden=\"true\" class=\"wp-block-spacer\"><\/div>\n<\/div>\n\n\n\n<div class=\"wp-block-column is-layout-flow wp-block-column-is-layout-flow\"><div class=\"wp-block-image\">\n<figure class=\"aligncenter size-large\"><img loading=\"lazy\" decoding=\"async\" width=\"1024\" height=\"683\" src=\"https:\/\/konferencje-szklarska-poreba.pl\/wp-content\/uploads\/2024\/09\/yunus-tug-AjhE17jW7iI-unsplash-1024x683.jpg\" alt=\"\" class=\"wp-image-44\" srcset=\"https:\/\/konferencje-szklarska-poreba.pl\/wp-content\/uploads\/2024\/09\/yunus-tug-AjhE17jW7iI-unsplash-1024x683.jpg 1024w, https:\/\/konferencje-szklarska-poreba.pl\/wp-content\/uploads\/2024\/09\/yunus-tug-AjhE17jW7iI-unsplash-300x200.jpg 300w, https:\/\/konferencje-szklarska-poreba.pl\/wp-content\/uploads\/2024\/09\/yunus-tug-AjhE17jW7iI-unsplash-768x512.jpg 768w, https:\/\/konferencje-szklarska-poreba.pl\/wp-content\/uploads\/2024\/09\/yunus-tug-AjhE17jW7iI-unsplash-1536x1024.jpg 1536w, https:\/\/konferencje-szklarska-poreba.pl\/wp-content\/uploads\/2024\/09\/yunus-tug-AjhE17jW7iI-unsplash-2048x1365.jpg 2048w, https:\/\/konferencje-szklarska-poreba.pl\/wp-content\/uploads\/2024\/09\/yunus-tug-AjhE17jW7iI-unsplash-360x240.jpg 360w\" sizes=\"(max-width: 1024px) 100vw, 1024px\" \/><\/figure><\/div>\n\n\n<h5 class=\"wp-block-heading has-text-align-center has-text-color\" style=\"color:#3c4858;font-size:18px\">Sprz\u0119t audio-video, szybki internet, klimatyzacja<\/h5>\n\n\n\n<div style=\"height:25px\" aria-hidden=\"true\" class=\"wp-block-spacer\"><\/div>\n<\/div>\n<\/div>\n\n\n\n<div style=\"height:40px\" aria-hidden=\"true\" class=\"wp-block-spacer\"><\/div>\n\n\n\n<h2 class=\"wp-block-heading has-black-color has-text-color has-link-color wp-elements-b86667838197e00fd6abfa6677673de6\">Konferencje Szklarska Por\u0119ba w Bergo Resort &amp; Spa<\/h2>\n\n\n\n<p>Gdy m\u00f3wimy o <strong>konferencjach Szklarska Por\u0119ba<\/strong>, nie mo\u017cna pomin\u0105\u0107 Bergo Resort &amp; Spa. Z ponad 400 m\u00b2 powierzchni biznesowej, ka\u017cdy zak\u0105tek tego miejsca jest przygotowany, by spe\u0142ni\u0107 najwy\u017csze standardy. Klimatyczna <strong>Restauracja BERGO<\/strong>, z jej eleganckim wn\u0119trzem i panoramicznymi oknami, daje uczestnikom konferencji poczucie przestrzeni i blisko\u015bci natury.<\/p>\n\n\n\n<p>Restauracja wyposa\u017cona jest w system mobilnych \u015bcian, co pozwala na elastyczne dostosowanie przestrzeni do potrzeb wydarzenia. Mo\u017cna tu stworzy\u0107 jedn\u0105 du\u017c\u0105 sal\u0119 o powierzchni 200 m\u00b2 lub podzieli\u0107 przestrze\u0144 na dwie mniejsze sale po 100 m\u00b2 ka\u017cda. Dodatkowo, taras restauracji to idealne miejsce na przerwy kawowe czy nieformalne rozmowy, kt\u00f3re cz\u0119sto okazuj\u0105 si\u0119 r\u00f3wnie owocne, co oficjalne panele dyskusyjne.<\/p>\n\n\n\n<h2 class=\"wp-block-heading has-black-color has-text-color has-link-color wp-elements-26ae95e2a38abf66eca846eef330015e\">Jak zaaran\u017cowa\u0107 konferencj\u0119, by by\u0142a niezapomniana?<\/h2>\n\n\n\n<p>Wybieraj\u0105c <strong>konferencje Szklarska Por\u0119ba<\/strong> w Bergo Resort &amp; Spa, macie pewno\u015b\u0107, \u017ce ka\u017cdy szczeg\u00f3\u0142 zostanie dopracowany. Organizuj\u0105c wydarzenie w tak malowniczej lokalizacji, warto wykorzysta\u0107 otoczenie do wzbogacenia agendy spotkania. Co powiecie na team-building w plenerze? Albo sesj\u0119 mindfulness na \u015bwie\u017cym powietrzu, kt\u00f3ra zregeneruje umys\u0142y waszych go\u015bci przed kolejnymi wyzwaniami?<\/p>\n\n\n\n<figure class=\"wp-block-image size-large\"><img loading=\"lazy\" decoding=\"async\" width=\"1024\" height=\"682\" src=\"https:\/\/konferencje-szklarska-poreba.pl\/wp-content\/uploads\/2024\/09\/karkonosze-4544030_1280-1024x682.jpg\" alt=\"karkonosze\" class=\"wp-image-24\" srcset=\"https:\/\/konferencje-szklarska-poreba.pl\/wp-content\/uploads\/2024\/09\/karkonosze-4544030_1280-1024x682.jpg 1024w, https:\/\/konferencje-szklarska-poreba.pl\/wp-content\/uploads\/2024\/09\/karkonosze-4544030_1280-300x200.jpg 300w, https:\/\/konferencje-szklarska-poreba.pl\/wp-content\/uploads\/2024\/09\/karkonosze-4544030_1280-768x512.jpg 768w, https:\/\/konferencje-szklarska-poreba.pl\/wp-content\/uploads\/2024\/09\/karkonosze-4544030_1280-360x240.jpg 360w, https:\/\/konferencje-szklarska-poreba.pl\/wp-content\/uploads\/2024\/09\/karkonosze-4544030_1280.jpg 1280w\" sizes=\"(max-width: 1024px) 100vw, 1024px\" \/><\/figure>\n\n\n\n<h2 class=\"wp-block-heading has-black-color has-text-color has-link-color wp-elements-36696aa4c75f7ad626ae69184d6c0770\">Technologia na wysoko\u015bci \u2013 dos\u0142ownie i w przeno\u015bni<\/h2>\n\n\n\n<p>W Bergo Resort &amp; Spa technologia idzie w parze z komfortem. Ka\u017cda sala wyposa\u017cona jest w nowoczesny sprz\u0119t audio-video, kt\u00f3ry umo\u017cliwi przeprowadzenie prezentacji na \u015bwiatowym poziomie. Dost\u0119p do szybkiego internetu to ju\u017c standard, kt\u00f3ry pozwala na bezproblemow\u0105 komunikacj\u0119 z reszt\u0105 \u015bwiata \u2013 czy to przez wideokonferencje, czy live streaming.<\/p>\n\n\n\n<h2 class=\"wp-block-heading has-black-color has-text-color has-link-color wp-elements-e83f6646c64453eed5001f5b2ba2641b\">Gdzie zorganizowa\u0107 wiecz\u00f3r integracyjny?<\/h2>\n\n\n\n<p>Po intensywnym dniu pe\u0142nym dyskusji, Bergo Resort &amp; Spa oferuje r\u00f3wnie\u017c mo\u017cliwo\u015b\u0107 zorganizowania wieczoru integracyjnego. Czy wybierzecie kolacj\u0119 przy kapeli, czy preferujecie eleganckie przyj\u0119cie na tarasie, Szklarska Por\u0119ba jest idealnym t\u0142em dla obu scenariuszy.<\/p>\n\n\n\n<figure class=\"wp-block-image size-large\"><img loading=\"lazy\" decoding=\"async\" width=\"1024\" height=\"682\" src=\"https:\/\/konferencje-szklarska-poreba.pl\/wp-content\/uploads\/2024\/09\/meeting-5395615_1280-1024x682.jpg\" alt=\"\" class=\"wp-image-46\" srcset=\"https:\/\/konferencje-szklarska-poreba.pl\/wp-content\/uploads\/2024\/09\/meeting-5395615_1280-1024x682.jpg 1024w, https:\/\/konferencje-szklarska-poreba.pl\/wp-content\/uploads\/2024\/09\/meeting-5395615_1280-300x200.jpg 300w, https:\/\/konferencje-szklarska-poreba.pl\/wp-content\/uploads\/2024\/09\/meeting-5395615_1280-768x512.jpg 768w, https:\/\/konferencje-szklarska-poreba.pl\/wp-content\/uploads\/2024\/09\/meeting-5395615_1280-360x240.jpg 360w, https:\/\/konferencje-szklarska-poreba.pl\/wp-content\/uploads\/2024\/09\/meeting-5395615_1280.jpg 1280w\" sizes=\"(max-width: 1024px) 100vw, 1024px\" \/><\/figure>\n\n\n\n<h2 class=\"wp-block-heading has-black-color has-text-color has-link-color wp-elements-cc17712c8908bbaba027e734c632a15c\">Czym Bergo Resort &amp; Spa wyr\u00f3\u017cnia si\u0119 na tle innych miejsc konferencyjnych?<\/h2>\n\n\n\n<p>To nie tylko przestrze\u0144 i technologia, ale ludzie, kt\u00f3rzy tworz\u0105 atmosfer\u0119 tego miejsca, sprawiaj\u0105, \u017ce <strong>konferencje Szklarska Por\u0119ba<\/strong> w Bergo Resort &amp; Spa s\u0105 wyj\u0105tkowe. Profesjonalna obs\u0142uga zawsze s\u0142u\u017cy pomoc\u0105, a ich do\u015bwiadczenie w organizacji wydarze\u0144 biznesowych jest widoczne na ka\u017cdym kroku.<\/p>\n<\/div><\/div>\n\n\n\n<div class=\"wp-block-columns container is-layout-flex wp-container-core-columns-is-layout-2 wp-block-columns-is-layout-flex\">\n<div class=\"wp-block-column col-md-5 is-layout-flow wp-block-column-is-layout-flow\">\n<div style=\"height:55px\" aria-hidden=\"true\" class=\"wp-block-spacer\"><\/div>\n\n\n\n<h2 class=\"wp-block-heading\">Dlaczego warto wybra\u0107 Bergo Resort &amp; Spa na konferencj\u0119 w Szklarskiej Por\u0119bie?<\/h2>\n\n\n\n<p>Wybieraj\u0105c <strong><a href=\"https:\/\/www.bergohotel.pl\/biznes\/konferencje-w-szklarskiej-porebie\">konferencje Szklarska Por\u0119ba<\/a><\/strong> i Bergo Resort &amp; Spa, stawiacie na profesjonalizm w pi\u0119knej, g\u00f3rskiej scenerii. Czy jest lepszy spos\u00f3b na po\u0142\u0105czenie pracy z przyjemno\u015bci\u0105, ni\u017c konferencja w miejscu, kt\u00f3re inspiruje i regeneruje?<\/p>\n<\/div>\n\n\n\n<div class=\"wp-block-column col-md-6 col-md-offset1 is-layout-flow wp-block-column-is-layout-flow\">\n<div style=\"height:55px\" aria-hidden=\"true\" class=\"wp-block-spacer\"><\/div>\n\n\n\n<figure class=\"wp-block-image size-large\"><img loading=\"lazy\" decoding=\"async\" width=\"1024\" height=\"768\" src=\"https:\/\/konferencje-szklarska-poreba.pl\/wp-content\/uploads\/2024\/09\/Mercure-Szklarska-Poreba_hotel_zewnatrz_8-noM-1024x768.jpg\" alt=\"hotel bergo\" class=\"wp-image-34\" srcset=\"https:\/\/konferencje-szklarska-poreba.pl\/wp-content\/uploads\/2024\/09\/Mercure-Szklarska-Poreba_hotel_zewnatrz_8-noM-1024x768.jpg 1024w, https:\/\/konferencje-szklarska-poreba.pl\/wp-content\/uploads\/2024\/09\/Mercure-Szklarska-Poreba_hotel_zewnatrz_8-noM-300x225.jpg 300w, https:\/\/konferencje-szklarska-poreba.pl\/wp-content\/uploads\/2024\/09\/Mercure-Szklarska-Poreba_hotel_zewnatrz_8-noM-768x576.jpg 768w, https:\/\/konferencje-szklarska-poreba.pl\/wp-content\/uploads\/2024\/09\/Mercure-Szklarska-Poreba_hotel_zewnatrz_8-noM-1536x1152.jpg 1536w, https:\/\/konferencje-szklarska-poreba.pl\/wp-content\/uploads\/2024\/09\/Mercure-Szklarska-Poreba_hotel_zewnatrz_8-noM-2048x1536.jpg 2048w\" sizes=\"(max-width: 1024px) 100vw, 1024px\" \/><\/figure>\n\n\n\n<p><\/p>\n<\/div>\n<\/div>\n","protected":false},"excerpt":{"rendered":"<p>Dlaczego warto wybra\u0107 Bergo Resort &amp; Spa na konferencj\u0119 w Szklarskiej Por\u0119bie? Wybieraj\u0105c konferencje Szklarska Por\u0119ba i Bergo Resort &amp; Spa, stawiacie na profesjonalizm w pi\u0119knej, g\u00f3rskiej scenerii. Czy jest lepszy spos\u00f3b na po\u0142\u0105czenie pracy z przyjemno\u015bci\u0105, ni\u017c konferencja w miejscu, kt\u00f3re inspiruje i regeneruje?<\/p>\n","protected":false},"author":1,"featured_media":22,"parent":0,"menu_order":0,"comment_status":"closed","ping_status":"closed","template":"","meta":{"footnotes":""},"class_list":["post-13","page","type-page","status-publish","has-post-thumbnail","hentry"],"yoast_head":"<!-- This site is optimized with the Yoast SEO plugin v25.6 - https:\/\/yoast.com\/wordpress\/plugins\/seo\/ -->\n<title>Konferencje Szklarska Por\u0119ba - gdzie najlepiej zorganizowa\u0107? - konferencje-szklarska-poreba.pl<\/title>\n<meta name=\"description\" content=\"Wybieraj\u0105c konferencje Szklarska Por\u0119ba w Bergo Resort &amp; Spa, macie pewno\u015b\u0107, \u017ce ka\u017cdy szczeg\u00f3\u0142 zostanie dopracowany. Zorganizuj konferencje w Szklarskiej Por\u0119bie!\" \/>\n<meta name=\"robots\" content=\"index, follow, max-snippet:-1, max-image-preview:large, max-video-preview:-1\" \/>\n<link rel=\"canonical\" href=\"https:\/\/konferencje-szklarska-poreba.pl\/\" \/>\n<meta property=\"og:locale\" content=\"pl_PL\" \/>\n<meta property=\"og:type\" content=\"article\" \/>\n<meta property=\"og:title\" content=\"Konferencje Szklarska Por\u0119ba - gdzie najlepiej zorganizowa\u0107? - konferencje-szklarska-poreba.pl\" \/>\n<meta property=\"og:description\" content=\"Wybieraj\u0105c konferencje Szklarska Por\u0119ba w Bergo Resort &amp; Spa, macie pewno\u015b\u0107, \u017ce ka\u017cdy szczeg\u00f3\u0142 zostanie dopracowany. Zorganizuj konferencje w Szklarskiej Por\u0119bie!\" \/>\n<meta property=\"og:url\" content=\"https:\/\/konferencje-szklarska-poreba.pl\/\" \/>\n<meta property=\"og:site_name\" content=\"konferencje-szklarska-poreba.pl\" \/>\n<meta property=\"article:modified_time\" content=\"2024-09-27T11:49:32+00:00\" \/>\n<meta property=\"og:image\" content=\"https:\/\/konferencje-szklarska-poreba.pl\/wp-content\/uploads\/2024\/09\/16769926805874_mercureszklarskaporebakonferencje02.jpg\" \/>\n\t<meta property=\"og:image:width\" content=\"1920\" \/>\n\t<meta property=\"og:image:height\" content=\"1440\" \/>\n\t<meta property=\"og:image:type\" content=\"image\/jpeg\" \/>\n<meta name=\"twitter:card\" content=\"summary_large_image\" \/>\n<meta name=\"twitter:label1\" content=\"Szacowany czas czytania\" \/>\n\t<meta name=\"twitter:data1\" content=\"5 minut\" \/>\n<script type=\"application\/ld+json\" class=\"yoast-schema-graph\">{\"@context\":\"https:\/\/schema.org\",\"@graph\":[{\"@type\":\"WebPage\",\"@id\":\"https:\/\/konferencje-szklarska-poreba.pl\/\",\"url\":\"https:\/\/konferencje-szklarska-poreba.pl\/\",\"name\":\"Konferencje Szklarska Por\u0119ba - gdzie najlepiej zorganizowa\u0107? - konferencje-szklarska-poreba.pl\",\"isPartOf\":{\"@id\":\"https:\/\/konferencje-szklarska-poreba.pl\/#website\"},\"primaryImageOfPage\":{\"@id\":\"https:\/\/konferencje-szklarska-poreba.pl\/#primaryimage\"},\"image\":{\"@id\":\"https:\/\/konferencje-szklarska-poreba.pl\/#primaryimage\"},\"thumbnailUrl\":\"https:\/\/konferencje-szklarska-poreba.pl\/wp-content\/uploads\/2024\/09\/16769926805874_mercureszklarskaporebakonferencje02.jpg\",\"datePublished\":\"2024-09-27T10:35:11+00:00\",\"dateModified\":\"2024-09-27T11:49:32+00:00\",\"description\":\"Wybieraj\u0105c konferencje Szklarska Por\u0119ba w Bergo Resort & Spa, macie pewno\u015b\u0107, \u017ce ka\u017cdy szczeg\u00f3\u0142 zostanie dopracowany. Zorganizuj konferencje w Szklarskiej Por\u0119bie!\",\"breadcrumb\":{\"@id\":\"https:\/\/konferencje-szklarska-poreba.pl\/#breadcrumb\"},\"inLanguage\":\"pl-PL\",\"potentialAction\":[{\"@type\":\"ReadAction\",\"target\":[\"https:\/\/konferencje-szklarska-poreba.pl\/\"]}]},{\"@type\":\"ImageObject\",\"inLanguage\":\"pl-PL\",\"@id\":\"https:\/\/konferencje-szklarska-poreba.pl\/#primaryimage\",\"url\":\"https:\/\/konferencje-szklarska-poreba.pl\/wp-content\/uploads\/2024\/09\/16769926805874_mercureszklarskaporebakonferencje02.jpg\",\"contentUrl\":\"https:\/\/konferencje-szklarska-poreba.pl\/wp-content\/uploads\/2024\/09\/16769926805874_mercureszklarskaporebakonferencje02.jpg\",\"width\":1920,\"height\":1440,\"caption\":\"konferencje szklarska por\u0119ba\"},{\"@type\":\"BreadcrumbList\",\"@id\":\"https:\/\/konferencje-szklarska-poreba.pl\/#breadcrumb\",\"itemListElement\":[{\"@type\":\"ListItem\",\"position\":1,\"name\":\"Strona g\u0142\u00f3wna\",\"item\":\"https:\/\/konferencje-szklarska-poreba.pl\/\"},{\"@type\":\"ListItem\",\"position\":2,\"name\":\"Konferencje Szklarska Por\u0119ba\"}]},{\"@type\":\"WebSite\",\"@id\":\"https:\/\/konferencje-szklarska-poreba.pl\/#website\",\"url\":\"https:\/\/konferencje-szklarska-poreba.pl\/\",\"name\":\"konferencje-szklarska-poreba.pl\",\"description\":\"Kolejna witryna WordPress\",\"potentialAction\":[{\"@type\":\"SearchAction\",\"target\":{\"@type\":\"EntryPoint\",\"urlTemplate\":\"https:\/\/konferencje-szklarska-poreba.pl\/?s={search_term_string}\"},\"query-input\":{\"@type\":\"PropertyValueSpecification\",\"valueRequired\":true,\"valueName\":\"search_term_string\"}}],\"inLanguage\":\"pl-PL\"}]}<\/script>\n<!-- \/ Yoast SEO plugin. -->","yoast_head_json":{"title":"Konferencje Szklarska Por\u0119ba - gdzie najlepiej zorganizowa\u0107? - konferencje-szklarska-poreba.pl","description":"Wybieraj\u0105c konferencje Szklarska Por\u0119ba w Bergo Resort & Spa, macie pewno\u015b\u0107, \u017ce ka\u017cdy szczeg\u00f3\u0142 zostanie dopracowany. Zorganizuj konferencje w Szklarskiej Por\u0119bie!","robots":{"index":"index","follow":"follow","max-snippet":"max-snippet:-1","max-image-preview":"max-image-preview:large","max-video-preview":"max-video-preview:-1"},"canonical":"https:\/\/konferencje-szklarska-poreba.pl\/","og_locale":"pl_PL","og_type":"article","og_title":"Konferencje Szklarska Por\u0119ba - gdzie najlepiej zorganizowa\u0107? - konferencje-szklarska-poreba.pl","og_description":"Wybieraj\u0105c konferencje Szklarska Por\u0119ba w Bergo Resort & Spa, macie pewno\u015b\u0107, \u017ce ka\u017cdy szczeg\u00f3\u0142 zostanie dopracowany. Zorganizuj konferencje w Szklarskiej Por\u0119bie!","og_url":"https:\/\/konferencje-szklarska-poreba.pl\/","og_site_name":"konferencje-szklarska-poreba.pl","article_modified_time":"2024-09-27T11:49:32+00:00","og_image":[{"width":1920,"height":1440,"url":"https:\/\/konferencje-szklarska-poreba.pl\/wp-content\/uploads\/2024\/09\/16769926805874_mercureszklarskaporebakonferencje02.jpg","type":"image\/jpeg"}],"twitter_card":"summary_large_image","twitter_misc":{"Szacowany czas czytania":"5 minut"},"schema":{"@context":"https:\/\/schema.org","@graph":[{"@type":"WebPage","@id":"https:\/\/konferencje-szklarska-poreba.pl\/","url":"https:\/\/konferencje-szklarska-poreba.pl\/","name":"Konferencje Szklarska Por\u0119ba - gdzie najlepiej zorganizowa\u0107? - konferencje-szklarska-poreba.pl","isPartOf":{"@id":"https:\/\/konferencje-szklarska-poreba.pl\/#website"},"primaryImageOfPage":{"@id":"https:\/\/konferencje-szklarska-poreba.pl\/#primaryimage"},"image":{"@id":"https:\/\/konferencje-szklarska-poreba.pl\/#primaryimage"},"thumbnailUrl":"https:\/\/konferencje-szklarska-poreba.pl\/wp-content\/uploads\/2024\/09\/16769926805874_mercureszklarskaporebakonferencje02.jpg","datePublished":"2024-09-27T10:35:11+00:00","dateModified":"2024-09-27T11:49:32+00:00","description":"Wybieraj\u0105c konferencje Szklarska Por\u0119ba w Bergo Resort & Spa, macie pewno\u015b\u0107, \u017ce ka\u017cdy szczeg\u00f3\u0142 zostanie dopracowany. Zorganizuj konferencje w Szklarskiej Por\u0119bie!","breadcrumb":{"@id":"https:\/\/konferencje-szklarska-poreba.pl\/#breadcrumb"},"inLanguage":"pl-PL","potentialAction":[{"@type":"ReadAction","target":["https:\/\/konferencje-szklarska-poreba.pl\/"]}]},{"@type":"ImageObject","inLanguage":"pl-PL","@id":"https:\/\/konferencje-szklarska-poreba.pl\/#primaryimage","url":"https:\/\/konferencje-szklarska-poreba.pl\/wp-content\/uploads\/2024\/09\/16769926805874_mercureszklarskaporebakonferencje02.jpg","contentUrl":"https:\/\/konferencje-szklarska-poreba.pl\/wp-content\/uploads\/2024\/09\/16769926805874_mercureszklarskaporebakonferencje02.jpg","width":1920,"height":1440,"caption":"konferencje szklarska por\u0119ba"},{"@type":"BreadcrumbList","@id":"https:\/\/konferencje-szklarska-poreba.pl\/#breadcrumb","itemListElement":[{"@type":"ListItem","position":1,"name":"Strona g\u0142\u00f3wna","item":"https:\/\/konferencje-szklarska-poreba.pl\/"},{"@type":"ListItem","position":2,"name":"Konferencje Szklarska Por\u0119ba"}]},{"@type":"WebSite","@id":"https:\/\/konferencje-szklarska-poreba.pl\/#website","url":"https:\/\/konferencje-szklarska-poreba.pl\/","name":"konferencje-szklarska-poreba.pl","description":"Kolejna witryna WordPress","potentialAction":[{"@type":"SearchAction","target":{"@type":"EntryPoint","urlTemplate":"https:\/\/konferencje-szklarska-poreba.pl\/?s={search_term_string}"},"query-input":{"@type":"PropertyValueSpecification","valueRequired":true,"valueName":"search_term_string"}}],"inLanguage":"pl-PL"}]}},"_links":{"self":[{"href":"https:\/\/konferencje-szklarska-poreba.pl\/index.php\/wp-json\/wp\/v2\/pages\/13"}],"collection":[{"href":"https:\/\/konferencje-szklarska-poreba.pl\/index.php\/wp-json\/wp\/v2\/pages"}],"about":[{"href":"https:\/\/konferencje-szklarska-poreba.pl\/index.php\/wp-json\/wp\/v2\/types\/page"}],"author":[{"embeddable":true,"href":"https:\/\/konferencje-szklarska-poreba.pl\/index.php\/wp-json\/wp\/v2\/users\/1"}],"replies":[{"embeddable":true,"href":"https:\/\/konferencje-szklarska-poreba.pl\/index.php\/wp-json\/wp\/v2\/comments?post=13"}],"version-history":[{"count":10,"href":"https:\/\/konferencje-szklarska-poreba.pl\/index.php\/wp-json\/wp\/v2\/pages\/13\/revisions"}],"predecessor-version":[{"id":54,"href":"https:\/\/konferencje-szklarska-poreba.pl\/index.php\/wp-json\/wp\/v2\/pages\/13\/revisions\/54"}],"wp:featuredmedia":[{"embeddable":true,"href":"https:\/\/konferencje-szklarska-poreba.pl\/index.php\/wp-json\/wp\/v2\/media\/22"}],"wp:attachment":[{"href":"https:\/\/konferencje-szklarska-poreba.pl\/index.php\/wp-json\/wp\/v2\/media?parent=13"}],"curies":[{"name":"wp","href":"https:\/\/api.w.org\/{rel}","templated":true}]}}